{"id":5,"date":"2016-10-19T14:07:42","date_gmt":"2016-10-19T14:07:42","guid":{"rendered":""},"modified":"2025-11-25T23:18:30","modified_gmt":"2025-11-25T21:18:30","slug":"front-page","status":"publish","type":"page","link":"https:\/\/www.breezerestaurant.ch\/","title":{"rendered":"Restaurant L`Osteria Breeze in Buchs SG (Werdenberg) mit Seminar &#038; Tagungsr\u00e4umen"},"content":{"rendered":"\t<div class=\"row__wrapper  row-style--strip  row-style--stretch \" >\n\t\t<div class=\"row\">\t<div class=\"gridable--col col-6 column__wrapper column-6\" >\n\t\t\t<div class=\"column column-style--highlighted\">\n\n<h5 style=\"text-align: center;\">A culinary philosophy<\/h5>\n<h1 style=\"text-align: center;\">Willkommen<\/h1>\n<p>unsere Leidenschaft f\u00fcr authentische italienische K\u00fcche reicht weit zur\u00fcck. Ein ausgezeichneter Sommelier und geb\u00fcrtiger Italiener, bringt ein St\u00fcck seines Heimatlandes zu Ihnen.<\/p>\n<p style=\"text-align: center;\"><a class=\"c-btn-link\" href=\"https:\/\/www.breezerestaurant.ch\/index.php\/reservations\/\">Reservations<\/a><\/p>\n\t<\/div><!-- .c-island -->\n\t<\/div>\n\t<div class=\"gridable--col col-6 column__wrapper column-6\" >\n\t\t\t<div class=\"column\">\n<img decoding=\"async\" data-attachment-id=\"5203\" data-permalink=\"https:\/\/www.breezerestaurant.ch\/index.php\/front-page\/22-dsc08735\/\" data-orig-file=\"https:\/\/www.breezerestaurant.ch\/wp-content\/uploads\/2025\/08\/22-DSC08735-scaled.jpg\" data-orig-size=\"2560,1707\" data-comments-opened=\"0\" data-image-meta=\"{&quot;aperture&quot;:&quot;0&quot;,&quot;credit&quot;:&quot;&quot;,&quot;camera&quot;:&quot;&quot;,&quot;caption&quot;:&quot;&quot;,&quot;created_timestamp&quot;:&quot;0&quot;,&quot;copyright&quot;:&quot;&quot;,&quot;focal_length&quot;:&quot;0&quot;,&quot;iso&quot;:&quot;0&quot;,&quot;shutter_speed&quot;:&quot;0&quot;,&quot;title&quot;:&quot;&quot;,&quot;orientation&quot;:&quot;0&quot;}\" data-image-title=\"22-DSC08735\" data-image-description=\"\" data-image-caption=\"\" data-medium-file=\"https:\/\/www.breezerestaurant.ch\/wp-content\/uploads\/2025\/08\/22-DSC08735-300x200.jpg\" data-large-file=\"https:\/\/www.breezerestaurant.ch\/wp-content\/uploads\/2025\/08\/22-DSC08735-1024x683.jpg\" class=\"alignnone wp-image-5203 lazyload\" data-src=\"https:\/\/www.breezerestaurant.ch\/wp-content\/uploads\/2025\/08\/22-DSC08735-300x200.jpg\" alt=\"\" width=\"551\" height=\"367\" data-srcset=\"https:\/\/www.breezerestaurant.ch\/wp-content\/uploads\/2025\/08\/22-DSC08735-300x200.jpg 300w, https:\/\/www.breezerestaurant.ch\/wp-content\/uploads\/2025\/08\/22-DSC08735-1024x683.jpg 1024w, https:\/\/www.breezerestaurant.ch\/wp-content\/uploads\/2025\/08\/22-DSC08735-768x512.jpg 768w, https:\/\/www.breezerestaurant.ch\/wp-content\/uploads\/2025\/08\/22-DSC08735-1536x1024.jpg 1536w, https:\/\/www.breezerestaurant.ch\/wp-content\/uploads\/2025\/08\/22-DSC08735-2048x1365.jpg 2048w, https:\/\/www.breezerestaurant.ch\/wp-content\/uploads\/2025\/08\/22-DSC08735-450x300.jpg 450w, https:\/\/www.breezerestaurant.ch\/wp-content\/uploads\/2025\/08\/22-DSC08735-1200x800.jpg 1200w, https:\/\/www.breezerestaurant.ch\/wp-content\/uploads\/2025\/08\/22-DSC08735-1360x907.jpg 1360w, https:\/\/www.breezerestaurant.ch\/wp-content\/uploads\/2025\/08\/22-DSC08735-800x533.jpg 800w, https:\/\/www.breezerestaurant.ch\/wp-content\/uploads\/2025\/08\/22-DSC08735-2000x1333.jpg 2000w\" data-sizes=\"(max-width: 551px) 100vw, 551px\" src=\"data:image\/svg+xml;base64,PHN2ZyB3aWR0aD0iMSIgaGVpZ2h0PSIxIiB4bWxucz0iaHR0cDovL3d3dy53My5vcmcvMjAwMC9zdmciPjwvc3ZnPg==\" style=\"--smush-placeholder-width: 551px; --smush-placeholder-aspect-ratio: 551\/367;\" \/><br \/>\n\t<\/div><!-- .c-island -->\n\t<\/div>\n<\/div><!-- .row -->\t<\/div>\n\n","protected":false},"excerpt":{"rendered":"","protected":false},"author":3,"featured_media":3441,"parent":0,"menu_order":0,"comment_status":"closed","ping_status":"closed","template":"blog\/page-templates\/full-width.php","meta":{"footnotes":""},"class_list":["post-5","page","type-page","status-publish","has-post-thumbnail","hentry"],"jetpack_sharing_enabled":true,"_links":{"self":[{"href":"https:\/\/www.breezerestaurant.ch\/index.php\/wp-json\/wp\/v2\/pages\/5"}],"collection":[{"href":"https:\/\/www.breezerestaurant.ch\/index.php\/wp-json\/wp\/v2\/pages"}],"about":[{"href":"https:\/\/www.breezerestaurant.ch\/index.php\/wp-json\/wp\/v2\/types\/page"}],"author":[{"embeddable":true,"href":"https:\/\/www.breezerestaurant.ch\/index.php\/wp-json\/wp\/v2\/users\/3"}],"replies":[{"embeddable":true,"href":"https:\/\/www.breezerestaurant.ch\/index.php\/wp-json\/wp\/v2\/comments?post=5"}],"version-history":[{"count":24,"href":"https:\/\/www.breezerestaurant.ch\/index.php\/wp-json\/wp\/v2\/pages\/5\/revisions"}],"predecessor-version":[{"id":5257,"href":"https:\/\/www.breezerestaurant.ch\/index.php\/wp-json\/wp\/v2\/pages\/5\/revisions\/5257"}],"wp:featuredmedia":[{"embeddable":true,"href":"https:\/\/www.breezerestaurant.ch\/index.php\/wp-json\/wp\/v2\/media\/3441"}],"wp:attachment":[{"href":"https:\/\/www.breezerestaurant.ch\/index.php\/wp-json\/wp\/v2\/media?parent=5"}],"curies":[{"name":"wp","href":"https:\/\/api.w.org\/{rel}","templated":true}]}}